{"id":46,"date":"2020-03-25T12:29:37","date_gmt":"2020-03-25T11:29:37","guid":{"rendered":"http:\/\/niort-tt.fr\/?page_id=46"},"modified":"2025-11-10T08:42:27","modified_gmt":"2025-11-10T07:42:27","slug":"inscriptions-et-tarifs","status":"publish","type":"page","link":"https:\/\/niort-tt.fr\/index.php\/inscriptions-et-tarifs\/","title":{"rendered":"Inscriptions et tarifs"},"content":{"rendered":"<p><span style=\"font-family: helvetica, arial, sans-serif;\">Pour toutes demandes de renseignements, contactez-nous :<\/span><br \/>\n<span style=\"font-family: helvetica, arial, sans-serif;\">\u2022 niort.tennisdetable@gmail.com<\/span><br \/>\n<span style=\"font-family: helvetica, arial, sans-serif;\">\u2022 t\u00e9l\u00e9phone : 05 49 33 23 75<\/span><\/p>\n<p><strong><span style=\"font-family: helvetica, arial, sans-serif;\">TARIFS DES LICENCES SAISON 2025 \/ 2026<\/span><\/strong><\/p>\n<p><strong><span style=\"font-family: helvetica, arial, sans-serif;\">Pratique loisir :<\/span><\/strong><br \/>\n<span style=\"font-family: helvetica, arial, sans-serif;\">\u2022 Licence promotionnelle \/ 1 \u00e0 2 entra\u00eenements par semaine : <strong>140 \u20ac<\/strong><\/span><br \/>\n<span style=\"font-family: helvetica, arial, sans-serif;\">\u2022 Licence promotionnelle \/ 3 \u00e0 5 entra\u00eenements par semaine : <strong>170 \u20ac<\/strong><\/span><br \/>\n<span style=\"font-family: helvetica, arial, sans-serif;\">\u2022 Licence Baby-Ping \/ 1 \u00e0 2 entra\u00eenements par semaine : <strong>100 \u20ac<\/strong><\/span><br \/>\n<strong><span style=\"font-family: helvetica, arial, sans-serif;\">Pratique en comp\u00e9tition :<\/span><\/strong><br \/>\n<span style=\"font-family: helvetica, arial, sans-serif;\">\u2022 Licence comp\u00e9tition \/ 1 \u00e0 2 entra\u00eenements par semaine : <strong>180 \u20ac<\/strong><\/span><br \/>\n<span style=\"font-family: helvetica, arial, sans-serif;\">\u2022 Licence comp\u00e9tition \/ 3 \u00e0 5 entra\u00eenements par semaine : <strong>210 \u20ac<\/strong><\/span><br \/>\n<strong><span style=\"font-family: helvetica, arial, sans-serif;\">Tarif joueur ext\u00e9rieur :<\/span><\/strong><br \/>\n<span style=\"font-family: helvetica, arial, sans-serif;\">\u2022 1 \u00e0 2 entra\u00eenements par semaine : <strong>100 \u20ac<\/strong><\/span><br \/>\n<span style=\"font-family: helvetica, arial, sans-serif;\"><strong>Remise famille :<\/strong> <strong>15 \u20ac<\/strong> \u00e0 partir de la 2\u00e8me licence<\/span><\/p>\n<hr \/>\n<p><span style=\"font-family: helvetica, arial, sans-serif;\"><strong>PROC\u00c9DURE D\u2019INSCRIPTION \/ R\u00c9INSCRIPTION EN LIGNE<\/strong><\/span><\/p>\n<p><span style=\"font-family: helvetica, arial, sans-serif;\">Depuis cette saison, la F\u00e9d\u00e9ration Fran\u00e7aise de Tennis de Table a mis en place sur son site internet une proc\u00e9dure de pr\u00e9-inscription en ligne.<\/span><br \/>\n<span style=\"font-family: helvetica, arial, sans-serif;\">Cette \u00e9tape remplace d\u00e9sormais le bulletin d\u2019inscription papier que vous remplissiez auparavant par mail ou en main propre \u00e0 la salle.<\/span><br \/>\n<span style=\"font-family: helvetica, arial, sans-serif;\">De plus, depuis l\u2019ann\u00e9e derni\u00e8re, le club vous propose un nouveau moyen de paiement : vous pouvez r\u00e9gler directement votre cotisation via notre site internet gr\u00e2ce \u00e0 la plateforme Yapla.<\/span><\/p>\n<hr \/>\n<p><span style=\"font-family: helvetica, arial, sans-serif;\"><strong>COMMENT SE D\u00c9ROULE VOTRE INSCRIPTION \/ R\u00c9INSCRIPTION ?<\/strong><\/span><\/p>\n<p><strong><span style=\"font-family: helvetica, arial, sans-serif;\">1. Connexion sur le site de la F\u00e9d\u00e9ration (FFTT) en cliquant sur :<span style=\"color: #ff0000;\">\u00a0<\/span><span style=\"color: #000000;\"><span style=\"color: #ff0000;\"><a style=\"color: #ff0000;\" href=\"https:\/\/carte.fftt.com\/club\/10790235\" target=\"_blank\" rel=\"noopener\">INSCRIPTION \/ R\u00c9INSCRIPTION<\/a><\/span>.\u00a0<\/span><\/span><\/strong><br \/>\n<span style=\"font-family: helvetica, arial, sans-serif;\">\u2022 Si vous \u00e9tiez d\u00e9j\u00e0 adh\u00e9rent en 2024\/2025 : v\u00e9rifiez vos informations et mettez l\u00e8s \u00e0 jour si n\u00e9cessaire.<\/span><br \/>\n<span style=\"font-family: helvetica, arial, sans-serif;\">\u2022 Si vous \u00eates un nouvel adh\u00e9rent : compl\u00e9tez les informations administratives demand\u00e9es.<\/span><br \/>\n<span style=\"font-family: helvetica, arial, sans-serif;\">\u2022 S\u00e9lectionnez le type de licence (comp\u00e9tition ou loisir) \u2013 n\u2019utilisez pas l\u2019option \u00ab d\u00e9couverte \u00bb.<\/span><br \/>\n<strong><span style=\"font-family: helvetica, arial, sans-serif;\">2. Documents m\u00e9dicaux<\/span><\/strong><br \/>\n<span style=\"font-family: helvetica, arial, sans-serif;\">\u2022 Compl\u00e9tez l\u2019auto-questionnaire correspondant \u00e0 votre situation.<\/span><br \/>\n<span style=\"font-family: helvetica, arial, sans-serif;\">\u2022 Si vous r\u00e9pondez \u00ab oui \u00bb \u00e0 une question, un certificat m\u00e9dical sera obligatoire.<\/span><br \/>\n<strong><span style=\"font-family: helvetica, arial, sans-serif;\">3. Validation de la pr\u00e9-inscription<\/span><\/strong><br \/>\n<span style=\"font-family: helvetica, arial, sans-serif;\">\u2022 Finalisez votre saisie et validez votre pr\u00e9-inscription en ligne.<\/span><br \/>\n<strong><span style=\"font-family: helvetica, arial, sans-serif;\">4. Confirmation par la F\u00e9d\u00e9ration (FFTT)<\/span><\/strong><br \/>\n<span style=\"font-family: helvetica, arial, sans-serif;\">\u2022 Vous recevez un e-mail confirmant que votre demande d\u2019inscription ou de r\u00e9inscription a bien \u00e9t\u00e9 enregistr\u00e9e.<\/span><br \/>\n<strong><span style=\"font-family: helvetica, arial, sans-serif;\">5. Paiement de la cotisation<\/span><\/strong><br \/>\n<span style=\"font-family: helvetica, arial, sans-serif;\">\u2022 R\u00e9glez votre cotisation en ligne via la plateforme Yapla en cliquant sur :\u00a0<span style=\"color: #000000;\"><strong><a style=\"color: #000000;\" href=\"https:\/\/niort-tennis-de-table.s2.yapla.com\/fr\/espace-membres\/adhesion\/\" target=\"_blank\" rel=\"noopener\"><span style=\"color: #ff0000;\">PAIEMENT COTISATION<\/span>.<\/a><\/strong><\/span><\/span><br \/>\n<strong><span style=\"font-family: helvetica, arial, sans-serif;\">6. Validation finale par le club<\/span><\/strong><br \/>\n<span style=\"font-family: helvetica, arial, sans-serif;\">\u2022 Apr\u00e8s r\u00e9ception de votre paiement, le club proc\u00e9dera \u00e0 la validation de votre inscription.<\/span><br \/>\n<span style=\"font-family: helvetica, arial, sans-serif;\">\u2022 Vous recevrez alors un e-mail confirmant que votre demande d\u2019inscription ou de r\u00e9inscription a bien \u00e9t\u00e9 valid\u00e9e.<\/span><br \/>\n<span style=\"font-family: helvetica, arial, sans-serif;\">\u2022 Votre licence FFTT vous sera ensuite attribu\u00e9e.<\/span><\/p>\n<p><span style=\"color: #0000ff;\"><strong><span style=\"font-family: helvetica, arial, sans-serif;\"><span style=\"color: #000000;\">Pour mieux visualiser la proc\u00e9dure, visionnez ce tutoriel vid\u00e9o explicatif propos\u00e9 par la FFTT<\/span> :\u00a0<a href=\"https:\/\/www.youtube.com\/watch?v=IeR2koD1hXE\" target=\"_blank\" rel=\"noopener\">Tutoriel FFTT licence<\/a><\/span><\/strong><\/span><\/p>\n<hr \/>\n<p><span style=\"font-family: helvetica, arial, sans-serif;\"><strong>Certificat m\u00e9dical<\/strong> :<\/span><br \/>\n<span style=\"font-family: helvetica, arial, sans-serif;\">La FFTT a chang\u00e9 les r\u00e8gles du certificat m\u00e9dical pour cette nouvelle saison :<\/span><br \/>\n<span style=\"font-family: helvetica, arial, sans-serif;\">\u2022 si vous avez moins de 40 ans, le Certificat M\u00e9dical n&rsquo;est pas obligatoire mais il faut r\u00e9pondre \u00e0 un auto-questionnaire :<\/span><br \/>\n<span style=\"font-family: helvetica, arial, sans-serif;\">&#8211; pour les mineurs (-18 ans)<\/span><br \/>\n<span style=\"font-family: helvetica, arial, sans-serif;\">&#8211; ou pour les majeurs (- 40 ans) au 1er janvier 2026.<\/span><br \/>\n<span style=\"font-family: helvetica, arial, sans-serif;\">\u2022 Pour les v\u00e9t\u00e9rans, le CM est obligatoire \u00e0 chaque changement de cat\u00e9gorie soit tous les 5 ans (V40, V45, V50&#8230;V90).<\/span><\/p>\n<hr \/>\n<p><strong><span style=\"font-family: helvetica, arial, sans-serif;\">Moyens de paiement <\/span><\/strong><span style=\"font-family: helvetica, arial, sans-serif;\">:<\/span><br \/>\n<span style=\"font-family: helvetica, arial, sans-serif;\">Actuellement, le paiement ne peut pas \u00eatre effectu\u00e9 sur le site de la FFTT. <strong>Il doit se faire directement aupr\u00e8s du club.<\/strong><\/span><br \/>\n<span style=\"font-family: helvetica, arial, sans-serif;\"><strong>Merci de privil\u00e9gier le paiement en ligne<\/strong> par carte bancaire via Yapla (possibilit\u00e9 de payer en 3 fois sans frais) y compris si vous utilisez le Pass&rsquo;Sport.<\/span><br \/>\n<span style=\"font-family: helvetica, arial, sans-serif;\">Vous pourrez y renseigner votre participation au Crit\u00e9rium F\u00e9d\u00e9ral, Grand Prix Jeunes, appliquer la remise Famille, devenir membre bienfaiteur avec une r\u00e9duction d&rsquo;imp\u00f4ts (voir le mode op\u00e9ratoire).<\/span><br \/>\n<span style=\"font-family: helvetica, arial, sans-serif;\">&#8211; <strong><span style=\"color: #ff0000;\">lien pour le paiement<\/span><\/strong> :<span style=\"color: #0000ff;\">\u00a0<strong><a style=\"color: #0000ff;\" href=\"https:\/\/niort-tennis-de-table.s2.yapla.com\/fr\/espace-membres\/adhesion\/\" target=\"_blank\" rel=\"noopener\">https:\/\/niort-tennis-de-table.s2.yapla.com\/fr\/espace-membres\/adhesion\/<\/a><\/strong><\/span><\/span><br \/>\n<span style=\"font-family: helvetica, arial, sans-serif;\">&#8211; mode op\u00e9ratoire :\u00a0<\/span><br \/>\n<span style=\"font-family: helvetica, arial, sans-serif;\">\u00a0 \u00a0 \u00a0&#8211; pour une\u00a0<span style=\"color: #000000;\"><strong><a style=\"color: #000000;\" href=\"https:\/\/drive.google.com\/file\/d\/1TlWzxAMS4S4ZdvfCsEPhJ-b0vr-dF94r\/view\" target=\"_blank\" rel=\"noopener\">nouvelle demande<\/a><\/strong><\/span><\/span><br \/>\n<span style=\"font-family: helvetica, arial, sans-serif;\">\u00a0 \u00a0 \u00a0&#8211; pour un\u00a0<span style=\"color: #000000;\"><strong><a style=\"color: #000000;\" href=\"https:\/\/drive.google.com\/file\/d\/1pVufX64wwMp29H2XDNM07iVdf3GH83qK\/view\" target=\"_blank\" rel=\"noopener\">renouvellement.<\/a><\/strong><\/span><\/span><\/p>\n<p><strong><span style=\"font-family: helvetica, arial, sans-serif;\">Autres moyens de paiement :<\/span><\/strong><br \/>\n<span style=\"font-family: helvetica, arial, sans-serif;\">\u2022 Ch\u00e8ques: indiquer au dos le nom du licenci\u00e9; paiement possible en 3 fois; noter le mois d\u2019encaissement au dos du ch\u00e8que; dernier encaissement : max en d\u00e9cembre 2025<\/span><br \/>\n<span style=\"font-family: helvetica, arial, sans-serif;\">\u2022 Ch\u00e8ques vacances, coupon sport<\/span><br \/>\n<span style=\"font-family: helvetica, arial, sans-serif;\">\u2022 Pass\u2019sport<\/span><br \/>\n<span style=\"font-family: helvetica, arial, sans-serif;\">\u2022 Esp\u00e8ces : demander un justificatif comme preuve de paiement<\/span><br \/>\n<span style=\"font-family: helvetica, arial, sans-serif;\">Et compl\u00e9tez si besoin le bordereau de versement (plusieurs licences pour une m\u00eame famille, participation au Grand Prix Jeunes, au Crit\u00e9rium F\u00e9d\u00e9ral, membres bienfaiteurs&#8230;) en cliquant sur le lien : <span style=\"color: #000000;\"><strong><a style=\"color: #000000;\" href=\"https:\/\/drive.google.com\/file\/d\/1b94L1pJRKtjW2C1w_Fs7Ok3vT_xjdZl4\/view\" target=\"_blank\" rel=\"noopener\">bordereau de versement.<\/a><\/strong><\/span><\/span><\/p>\n<p><span style=\"font-family: helvetica, arial, sans-serif;\"><strong>Justificatif de paiement :<\/strong><\/span><br \/>\n<span style=\"font-family: helvetica, arial, sans-serif;\">\u2022 Yapla : \u00e0 l\u2019inscription, vous recevrez une confirmation (via no-reply@yapla.com) et une facture acquitt\u00e9e. Le n\u00b0 d\u2019association figure en haut \u00e0 droite. Il est demand\u00e9 par certains CE<\/span><br \/>\n<span style=\"font-family: helvetica, arial, sans-serif;\">\u2022 Autres cas :<strong>\u00a0<span style=\"color: #000000;\"><a style=\"color: #000000;\" href=\"https:\/\/forms.gle\/TVheUHDtc6CuMvdn6\" target=\"_blank\" rel=\"noopener\">formulaire de demande<\/a><\/span><\/strong><\/span><br \/>\n<span style=\"font-family: helvetica, arial, sans-serif;\">Attention, parfois le message peut \u00eatre class\u00e9 dans les spams. Merci de v\u00e9rifier et d\u2019ajouter \u201c<strong>treso@niort-tt.fr<\/strong>\u201d dans vos contacts.<\/span><br \/>\n<span style=\"font-family: helvetica, arial, sans-serif;\">\u2022 Si besoin, possibilit\u00e9 de contacter directement le tr\u00e9sorier via le formulaire ou treso@niort-tt.fr.<\/span><\/p>\n<hr \/>\n<p><strong><span style=\"font-family: helvetica, arial, sans-serif;\">Niort TT propose <span style=\"color: #ff0000;\">2 s\u00e9ances d&rsquo;essai\u00a0sur 2 semaines cons\u00e9cutives<\/span> \u00e0 toute personne d\u00e9sirant tester la pratique du tennis de table.<br \/>\nUne demande pr\u00e9alable doit \u00eatre faite aupr\u00e8s du club.<\/span><\/strong><\/p>\n<hr \/>\n<p><span style=\"font-size: 18pt; color: #ff0000;\"><strong><span style=\"font-family: helvetica, arial, sans-serif;\">Les entra\u00eenements commencent \u00e0 partir du 01 septembre aux horaires disponibles sur le site.<\/span><\/strong><\/span><\/p>\n","protected":false},"excerpt":{"rendered":"<p>Pour toutes demandes de renseignements, contactez-nous : \u2022 niort.tennisdetable@gmail.com \u2022 t\u00e9l\u00e9phone : 05 49 33 23 75 TARIFS DES LICENCES SAISON 2025 \/ 2026 Pratique loisir : \u2022 Licence promotionnelle \/ 1 \u00e0 2 entra\u00eenements par semaine : 140 \u20ac \u2022 Licence promotionnelle \/ 3 \u00e0 5 entra\u00eenements par semaine : 170 \u20ac \u2022 Licence [&hellip;]<\/p>\n","protected":false},"author":1,"featured_media":0,"parent":0,"menu_order":0,"comment_status":"closed","ping_status":"closed","template":"","meta":{"_uag_custom_page_level_css":"","site-sidebar-layout":"default","site-content-layout":"","ast-site-content-layout":"default","site-content-style":"default","site-sidebar-style":"default","ast-global-header-display":"","ast-banner-title-visibility":"","ast-main-header-display":"","ast-hfb-above-header-display":"","ast-hfb-below-header-display":"","ast-hfb-mobile-header-display":"","site-post-title":"","ast-breadcrumbs-content":"","ast-featured-img":"","footer-sml-layout":"","ast-disable-related-posts":"","theme-transparent-header-meta":"default","adv-header-id-meta":"","stick-header-meta":"","header-above-stick-meta":"","header-main-stick-meta":"","header-below-stick-meta":"","astra-migrate-meta-layouts":"set","ast-page-background-enabled":"default","ast-page-background-meta":{"desktop":{"background-color":"var(--ast-global-color-5)","background-image":"","background-repeat":"repeat","background-position":"center center","background-size":"auto","background-attachment":"scroll","background-type":"","background-media":"","overlay-type":"","overlay-color":"","overlay-opacity":"","overlay-gradient":""},"tablet":{"background-color":"","background-image":"","background-repeat":"repeat","background-position":"center center","background-size":"auto","background-attachment":"scroll","background-type":"","background-media":"","overlay-type":"","overlay-color":"","overlay-opacity":"","overlay-gradient":""},"mobile":{"background-color":"","background-image":"","background-repeat":"repeat","background-position":"center center","background-size":"auto","background-attachment":"scroll","background-type":"","background-media":"","overlay-type":"","overlay-color":"","overlay-opacity":"","overlay-gradient":""}},"ast-content-background-meta":{"desktop":{"background-color":"var(--ast-global-color-4)","background-image":"","background-repeat":"repeat","background-position":"center center","background-size":"auto","background-attachment":"scroll","background-type":"","background-media":"","overlay-type":"","overlay-color":"","overlay-opacity":"","overlay-gradient":""},"tablet":{"background-color":"var(--ast-global-color-4)","background-image":"","background-repeat":"repeat","background-position":"center center","background-size":"auto","background-attachment":"scroll","background-type":"","background-media":"","overlay-type":"","overlay-color":"","overlay-opacity":"","overlay-gradient":""},"mobile":{"background-color":"var(--ast-global-color-4)","background-image":"","background-repeat":"repeat","background-position":"center center","background-size":"auto","background-attachment":"scroll","background-type":"","background-media":"","overlay-type":"","overlay-color":"","overlay-opacity":"","overlay-gradient":""}},"_themeisle_gutenberg_block_has_review":false,"footnotes":""},"class_list":["post-46","page","type-page","status-publish","hentry"],"uagb_featured_image_src":{"full":false,"thumbnail":false,"medium":false,"medium_large":false,"large":false,"1536x1536":false,"2048x2048":false},"uagb_author_info":{"display_name":"anthony.couraud","author_link":"https:\/\/niort-tt.fr\/index.php\/author\/anthony-couraud\/"},"uagb_comment_info":0,"uagb_excerpt":"Pour toutes demandes de renseignements, contactez-nous : \u2022 niort.tennisdetable@gmail.com \u2022 t\u00e9l\u00e9phone : 05 49 33 23 75 TARIFS DES LICENCES SAISON 2025 \/ 2026 Pratique loisir : \u2022 Licence promotionnelle \/ 1 \u00e0 2 entra\u00eenements par semaine : 140 \u20ac \u2022 Licence promotionnelle \/ 3 \u00e0 5 entra\u00eenements par semaine : 170 \u20ac \u2022 Licence\u2026","_links":{"self":[{"href":"https:\/\/niort-tt.fr\/index.php\/wp-json\/wp\/v2\/pages\/46","targetHints":{"allow":["GET"]}}],"collection":[{"href":"https:\/\/niort-tt.fr\/index.php\/wp-json\/wp\/v2\/pages"}],"about":[{"href":"https:\/\/niort-tt.fr\/index.php\/wp-json\/wp\/v2\/types\/page"}],"author":[{"embeddable":true,"href":"https:\/\/niort-tt.fr\/index.php\/wp-json\/wp\/v2\/users\/1"}],"replies":[{"embeddable":true,"href":"https:\/\/niort-tt.fr\/index.php\/wp-json\/wp\/v2\/comments?post=46"}],"version-history":[{"count":95,"href":"https:\/\/niort-tt.fr\/index.php\/wp-json\/wp\/v2\/pages\/46\/revisions"}],"predecessor-version":[{"id":3137,"href":"https:\/\/niort-tt.fr\/index.php\/wp-json\/wp\/v2\/pages\/46\/revisions\/3137"}],"wp:attachment":[{"href":"https:\/\/niort-tt.fr\/index.php\/wp-json\/wp\/v2\/media?parent=46"}],"curies":[{"name":"wp","href":"https:\/\/api.w.org\/{rel}","templated":true}]}}