{"id":399,"date":"2020-05-03T19:54:42","date_gmt":"2020-05-03T17:54:42","guid":{"rendered":"http:\/\/niort-tt.fr\/?page_id=399"},"modified":"2025-11-12T08:41:57","modified_gmt":"2025-11-12T07:41:57","slug":"horaires","status":"publish","type":"page","link":"https:\/\/niort-tt.fr\/index.php\/horaires\/","title":{"rendered":"Horaires"},"content":{"rendered":"<p style=\"text-align: center;\"><span style=\"font-size: 18pt;\"><strong><span style=\"font-family: helvetica, arial, sans-serif;\">Horaires valables en p\u00e9riode scolaire des le lundi 01 septembre 2025<\/span><\/strong><\/span><\/p>\n<p><span style=\"font-family: helvetica, arial, sans-serif; color: #000000;\">Retrouvez ici l\u2019ensemble des horaires d\u2019entra\u00eenement du Niort Tennis de Table.<\/span><br data-start=\"222\" data-end=\"225\" \/><span style=\"font-family: helvetica, arial, sans-serif; color: #000000;\">Les cr\u00e9neaux sont r\u00e9partis par groupe et par niveau.<\/span><br data-start=\"279\" data-end=\"282\" \/><span style=\"font-family: helvetica, arial, sans-serif; color: #000000;\">Nous disposons de deux salles : l\u2019une \u00e9quip\u00e9e de <strong data-start=\"333\" data-end=\"346\">22 tables<\/strong> et une seconde avec <strong data-start=\"367\" data-end=\"402\">10 tables mont\u00e9es en permanence<\/strong> pour les entra\u00eenements.<\/span><br data-start=\"426\" data-end=\"429\" \/><span style=\"font-family: helvetica, arial, sans-serif; color: #000000;\">Que vous soyez comp\u00e9titeur, loisir ou jeune en formation, consultez ci-dessous votre cr\u00e9neau hebdomadaire.<\/span><\/p>\n<p style=\"text-align: center;\"><span style=\"font-family: helvetica, arial, sans-serif; font-size: 14pt; color: #ff0000;\"><strong>Tenue sportive et chaussures de sport en salle exig\u00e9es<\/strong><\/span><\/p>\n<p><span style=\"font-family: helvetica, arial, sans-serif;\"><strong>Kids Ping de 4 ans \u00e0 7 ans<\/strong>:<\/span><br \/>\n<span style=\"font-family: helvetica, arial, sans-serif;\">Lundi: 16h30 -17h30<\/span><br \/>\n<span style=\"font-family: helvetica, arial, sans-serif;\">Mercredi: 16h -17h<\/span><\/p>\n<p><strong><span style=\"font-family: helvetica, arial, sans-serif;\">D\u00e9tection de 8 ans \u00e0 10 ans (sur s\u00e9lection des entra\u00eeneurs):<\/span><\/strong><br \/>\n<span style=\"font-family: helvetica, arial, sans-serif;\">Lundi: 17h30 -19h00<\/span><br \/>\n<span style=\"font-family: helvetica, arial, sans-serif;\">Mardi: 17h -18h30<\/span><br \/>\n<span style=\"font-family: helvetica, arial, sans-serif;\">Mercredi: 17h -18h30<\/span><br \/>\n<span style=\"font-family: helvetica, arial, sans-serif;\">Jeudi: 17h -18h30<\/span><\/p>\n<p><strong><span style=\"font-family: helvetica, arial, sans-serif;\">\u00c9cole TT de 7 ans \u00e0 10 ans:<\/span><\/strong><br \/>\n<span style=\"font-family: helvetica, arial, sans-serif;\">Mercredi: 17h -18h30<\/span><br \/>\n<span style=\"font-family: helvetica, arial, sans-serif;\">Vendredi: 17h -18h30<\/span><\/p>\n<p><span style=\"font-family: helvetica, arial, sans-serif;\"><strong>A.N.I.O.S. de 8 ans \u00e0 10 ans<\/strong> (Activit\u00e9s Niortaises d&rsquo;Initiation et d&rsquo;Orientation Sportives):\u00a0<span style=\"color: #ff6600;\"><strong><span style=\"font-family: helvetica, arial, sans-serif;\"><a style=\"color: #ff6600;\" href=\"https:\/\/anios.vivre-a-niort.com\/\" target=\"_blank\" rel=\"noopener\">Pr\u00e9sentation de l\u2019ANIOS<\/a><\/span><\/strong><\/span><\/span><br \/>\n<span style=\"font-family: helvetica, arial, sans-serif;\">Vendredi: 17h -18h30<\/span><\/p>\n<p><strong><span style=\"font-family: helvetica, arial, sans-serif;\">Perf&rsquo; TT de 11 ans \u00e0 17 ans:<\/span><\/strong><br \/>\n<span style=\"font-family: helvetica, arial, sans-serif;\">Mercredi: 18h30 &#8211; 20h<\/span><br \/>\n<span style=\"font-family: helvetica, arial, sans-serif;\">Vendredi: 18h30 &#8211; 20h<\/span><\/p>\n<p><strong><span style=\"font-family: helvetica, arial, sans-serif;\">Section Sportive D\u00e9partementale du College Fontanes, de 10 ans \u00e0 15 ans (sur s\u00e9lection d\u00e9partementale):<\/span><\/strong><br \/>\n<span style=\"font-family: helvetica, arial, sans-serif;\">Lundi: 16h -18h<\/span><br \/>\n<span style=\"font-family: helvetica, arial, sans-serif;\">Mardi: 11h -13h (salle du coll\u00e8ge Fontanes)<\/span><br \/>\n<span style=\"font-family: helvetica, arial, sans-serif;\">Mercredi: 13h30 -16h<\/span><br \/>\n<span style=\"font-family: helvetica, arial, sans-serif;\">Jeudi: 16h -18h<\/span><\/p>\n<p><strong><span style=\"font-family: helvetica, arial, sans-serif;\">Comp\u00e9titeurs:<\/span><\/strong><br \/>\n<span style=\"font-family: helvetica, arial, sans-serif;\">Mardi: 18h30 &#8211; 20h30<\/span><br \/>\n<span style=\"font-family: helvetica, arial, sans-serif;\">Jeudi: 18h30 &#8211; 20h30\u00a0<\/span><\/p>\n<p><strong><span style=\"font-family: helvetica, arial, sans-serif;\">Adultes loisirs:<\/span><\/strong><br \/>\n<span style=\"font-family: helvetica, arial, sans-serif;\"><span style=\"color: #000000;\">Lundi:<\/span> 18h30 &#8211; 20h<\/span><br \/>\n<span style=\"font-family: helvetica, arial, sans-serif;\"><span style=\"color: #000000;\">Mercredi: 20h &#8211; 21h30<\/span><\/span><\/p>\n<p><strong><span style=\"font-family: helvetica, arial, sans-serif;\">Meilleurs juniors et jeunes seniors (sur s\u00e9lection des entra\u00eeneurs):<\/span><\/strong><br \/>\n<span style=\"font-family: helvetica, arial, sans-serif;\">Lundi: 18h &#8211; 20h<\/span><\/p>\n<p><strong><span style=\"font-family: helvetica, arial, sans-serif;\">Cr\u00e9neau libre et r\u00e9serv\u00e9 aux licenci\u00e9s <span style=\"color: #0000ff;\">Comp\u00e9tition<\/span> (ouvert \u00e0 ceux qui ne peuvent pas s\u2019entra\u00eener en semaine ou qui souhaitent faire une s\u00e9ance suppl\u00e9mentaire)<\/span><\/strong><br \/>\n<span style=\"font-family: helvetica, arial, sans-serif;\">Vendredi: 20h &#8211; 21h30<\/span><\/p>\n<hr \/>\n","protected":false},"excerpt":{"rendered":"<p>Horaires valables en p\u00e9riode scolaire des le lundi 01 septembre 2025 Retrouvez ici l\u2019ensemble des horaires d\u2019entra\u00eenement du Niort Tennis de Table.Les cr\u00e9neaux sont r\u00e9partis par groupe et par niveau.Nous disposons de deux salles : l\u2019une \u00e9quip\u00e9e de 22 tables et une seconde avec 10 tables mont\u00e9es en permanence pour les entra\u00eenements.Que vous soyez comp\u00e9titeur, [&hellip;]<\/p>\n","protected":false},"author":1,"featured_media":0,"parent":0,"menu_order":0,"comment_status":"closed","ping_status":"closed","template":"","meta":{"_uag_custom_page_level_css":"","site-sidebar-layout":"default","site-content-layout":"","ast-site-content-layout":"default","site-content-style":"default","site-sidebar-style":"default","ast-global-header-display":"","ast-banner-title-visibility":"","ast-main-header-display":"","ast-hfb-above-header-display":"","ast-hfb-below-header-display":"","ast-hfb-mobile-header-display":"","site-post-title":"","ast-breadcrumbs-content":"","ast-featured-img":"","footer-sml-layout":"","ast-disable-related-posts":"","theme-transparent-header-meta":"default","adv-header-id-meta":"","stick-header-meta":"","header-above-stick-meta":"","header-main-stick-meta":"","header-below-stick-meta":"","astra-migrate-meta-layouts":"set","ast-page-background-enabled":"default","ast-page-background-meta":{"desktop":{"background-color":"var(--ast-global-color-5)","background-image":"","background-repeat":"repeat","background-position":"center center","background-size":"auto","background-attachment":"scroll","background-type":"","background-media":"","overlay-type":"","overlay-color":"","overlay-opacity":"","overlay-gradient":""},"tablet":{"background-color":"","background-image":"","background-repeat":"repeat","background-position":"center center","background-size":"auto","background-attachment":"scroll","background-type":"","background-media":"","overlay-type":"","overlay-color":"","overlay-opacity":"","overlay-gradient":""},"mobile":{"background-color":"","background-image":"","background-repeat":"repeat","background-position":"center center","background-size":"auto","background-attachment":"scroll","background-type":"","background-media":"","overlay-type":"","overlay-color":"","overlay-opacity":"","overlay-gradient":""}},"ast-content-background-meta":{"desktop":{"background-color":"var(--ast-global-color-4)","background-image":"","background-repeat":"repeat","background-position":"center center","background-size":"auto","background-attachment":"scroll","background-type":"","background-media":"","overlay-type":"","overlay-color":"","overlay-opacity":"","overlay-gradient":""},"tablet":{"background-color":"var(--ast-global-color-4)","background-image":"","background-repeat":"repeat","background-position":"center center","background-size":"auto","background-attachment":"scroll","background-type":"","background-media":"","overlay-type":"","overlay-color":"","overlay-opacity":"","overlay-gradient":""},"mobile":{"background-color":"var(--ast-global-color-4)","background-image":"","background-repeat":"repeat","background-position":"center center","background-size":"auto","background-attachment":"scroll","background-type":"","background-media":"","overlay-type":"","overlay-color":"","overlay-opacity":"","overlay-gradient":""}},"_themeisle_gutenberg_block_has_review":false,"footnotes":""},"class_list":["post-399","page","type-page","status-publish","hentry"],"uagb_featured_image_src":{"full":false,"thumbnail":false,"medium":false,"medium_large":false,"large":false,"1536x1536":false,"2048x2048":false},"uagb_author_info":{"display_name":"anthony.couraud","author_link":"https:\/\/niort-tt.fr\/index.php\/author\/anthony-couraud\/"},"uagb_comment_info":0,"uagb_excerpt":"Horaires valables en p\u00e9riode scolaire des le lundi 01 septembre 2025 Retrouvez ici l\u2019ensemble des horaires d\u2019entra\u00eenement du Niort Tennis de Table.Les cr\u00e9neaux sont r\u00e9partis par groupe et par niveau.Nous disposons de deux salles : l\u2019une \u00e9quip\u00e9e de 22 tables et une seconde avec 10 tables mont\u00e9es en permanence pour les entra\u00eenements.Que vous soyez comp\u00e9titeur,\u2026","_links":{"self":[{"href":"https:\/\/niort-tt.fr\/index.php\/wp-json\/wp\/v2\/pages\/399","targetHints":{"allow":["GET"]}}],"collection":[{"href":"https:\/\/niort-tt.fr\/index.php\/wp-json\/wp\/v2\/pages"}],"about":[{"href":"https:\/\/niort-tt.fr\/index.php\/wp-json\/wp\/v2\/types\/page"}],"author":[{"embeddable":true,"href":"https:\/\/niort-tt.fr\/index.php\/wp-json\/wp\/v2\/users\/1"}],"replies":[{"embeddable":true,"href":"https:\/\/niort-tt.fr\/index.php\/wp-json\/wp\/v2\/comments?post=399"}],"version-history":[{"count":47,"href":"https:\/\/niort-tt.fr\/index.php\/wp-json\/wp\/v2\/pages\/399\/revisions"}],"predecessor-version":[{"id":3153,"href":"https:\/\/niort-tt.fr\/index.php\/wp-json\/wp\/v2\/pages\/399\/revisions\/3153"}],"wp:attachment":[{"href":"https:\/\/niort-tt.fr\/index.php\/wp-json\/wp\/v2\/media?parent=399"}],"curies":[{"name":"wp","href":"https:\/\/api.w.org\/{rel}","templated":true}]}}