{"id":371,"date":"2020-05-01T09:22:40","date_gmt":"2020-05-01T07:22:40","guid":{"rendered":"http:\/\/niort-tt.fr\/?page_id=371"},"modified":"2025-11-15T09:12:46","modified_gmt":"2025-11-15T08:12:46","slug":"boutique","status":"publish","type":"page","link":"https:\/\/niort-tt.fr\/index.php\/boutique\/","title":{"rendered":"Boutique"},"content":{"rendered":"<h2 data-start=\"97\" data-end=\"126\"><span style=\"font-size: 18pt;\"><strong><span style=\"font-family: helvetica, arial, sans-serif;\">\ud83d\udecd\ufe0f Paiement des commandes pass\u00e9es aupr\u00e8s des entra\u00eeneurs<\/span><\/strong><\/span><\/h2>\n<p data-start=\"128\" data-end=\"328\"><span style=\"font-family: helvetica, arial, sans-serif; font-size: 12pt;\">Pour faciliter la gestion et le suivi de vos achats (maillots du club, surv\u00eatements, raquettes, rev\u00eatements, petits accessoires), le paiement s\u2019effectue d\u00e9sormais <strong data-start=\"291\" data-end=\"327\">exclusivement en ligne via Yapla<\/strong>.<\/span><\/p>\n<p data-start=\"330\" data-end=\"443\"><span style=\"font-size: 18pt;\"><strong><span style=\"font-family: helvetica, arial, sans-serif;\">\u27a1\ufe0f R\u00e9gler votre commande par carte bancaire en suivant ce lien : \u27a1 <\/span><\/strong><a href=\"https:\/\/niort-tennis-de-table.s2.yapla.com\/fr\/campaign-2098\/donate\/remboursements-wacksport\/2098\" target=\"_blank\" rel=\"noopener\"><span style=\"font-family: helvetica, arial, sans-serif;\"><strong data-start=\"401\" data-end=\"429\">paiement commande<\/strong><\/span><\/a><\/span><\/p>\n<p data-start=\"445\" data-end=\"543\"><span style=\"font-family: helvetica, arial, sans-serif; font-size: 12pt;\">Merci d\u2019utiliser ce mode de r\u00e8glement pour toutes les commandes effectu\u00e9es aupr\u00e8s des entra\u00eeneurs.<\/span><\/p>\n<hr \/>\n<p><strong><span style=\"font-size: 18pt;\">\ud83c\udfd3<\/span> <span style=\"font-family: helvetica, arial, sans-serif; font-size: 18pt;\">Partenariat avec Wack Sport<\/span><\/strong><\/p>\n<p><span style=\"font-family: helvetica, arial, sans-serif;\">Le club est partenaire de<strong> Wack Sport<\/strong>, le sp\u00e9cialiste du mat\u00e9riel de tennis de table : bois, rev\u00eatements, textiles, chaussures, sacs et accessoires.<\/span><\/p>\n<p><span style=\"font-family: helvetica, arial, sans-serif;\">\ud83d\udc49 En commandant avec le <strong>compte du club (client n\u00b0254537 \u2013 nom BOBONETE)<\/strong>, vous b\u00e9n\u00e9ficiez :<\/span><\/p>\n<ul>\n<li><span style=\"font-family: helvetica, arial, sans-serif;\">d\u2019une <strong>remise jusqu\u2019\u00e0 20 %<\/strong>,<\/span><\/li>\n<li><span style=\"font-family: helvetica, arial, sans-serif;\">et vous <strong>faites gagner un bon d\u2019achat au club<\/strong> en fin de saison, utilis\u00e9 pour acheter du mat\u00e9riel (balles, raquettes, tables\u2026).<\/span><\/li>\n<\/ul>\n<p><span style=\"font-family: helvetica, arial, sans-serif;\">\ud83d\udd39 <span style=\"font-size: 14pt;\"><strong>Comment commander ?<\/strong><\/span><\/span><\/p>\n<p><strong><span style=\"font-family: helvetica, arial, sans-serif;\">1. Par le club (via les entra\u00eeneurs)<\/span><\/strong><\/p>\n<ul>\n<li><span style=\"font-family: helvetica, arial, sans-serif;\">Paiement par ch\u00e8que \u00e0 l\u2019ordre de Niort Tennis de Table<\/span><br \/>\n<span style=\"font-family: helvetica, arial, sans-serif;\">ou par CB via <strong>Yapla \ud83d\udc49 <\/strong><span style=\"color: #000000;\"><a style=\"color: #000000;\" href=\"https:\/\/niort-tennis-de-table.s2.yapla.com\/fr\/campaign-2098\/donate\/remboursements-wacksport\/2098\" target=\"_blank\" rel=\"noopener\">Paiement commande<\/a><\/span><\/span><\/li>\n<\/ul>\n<p><span style=\"font-family: helvetica, arial, sans-serif;\"><strong>2. En ligne sur<\/strong>\u00a0<span style=\"color: #000000;\"><a style=\"color: #000000;\" href=\"https:\/\/www.wsport.com\/accueil_ind.php\" target=\"_blank\" rel=\"noopener\">www.wsport.com<\/a><\/span><\/span><\/p>\n<ul>\n<li><span style=\"font-family: helvetica, arial, sans-serif;\">Connectez vous en tant que <strong>d\u00e9j\u00e0 client<\/strong><\/span><\/li>\n<li><span style=\"font-family: helvetica, arial, sans-serif;\">Indiquez le n\u00b0 <strong>254537<\/strong> et le nom <strong>BOBONETE<\/strong><\/span><\/li>\n<li><span style=\"font-family: helvetica, arial, sans-serif;\">Modifiez l\u2019adresse de livraison si besoin (par d\u00e9faut, livraison au club)<\/span><\/li>\n<\/ul>\n<p><span style=\"font-family: helvetica, arial, sans-serif;\">\ud83d\udca1En commandant via le club, vous profitez de r\u00e9ductions tout en soutenant le d\u00e9veloppement du Niort TT !<\/span><\/p>\n<hr \/>\n<p><span style=\"font-family: helvetica, arial, sans-serif;\"><strong><span style=\"font-size: 18pt;\">LES MAILLOTS\u00a0<\/span><\/strong><\/span><\/p>\n<p><span style=\"font-size: 14pt; font-family: helvetica, arial, sans-serif;\"><strong>MAILLOT DE COMP\u00c9TITION 2025\/2026<\/strong><\/span><\/p>\n<p>&nbsp;<\/p>\n<p><span style=\"font-family: helvetica, arial, sans-serif;\"><img fetchpriority=\"high\" decoding=\"async\" class=\"wp-image-1988 alignleft\" src=\"https:\/\/niort-tt.fr\/wp-content\/uploads\/2023\/10\/Tibhar-Trend-chemisette-1024x1024.jpg\" alt=\"\" width=\"455\" height=\"455\" srcset=\"https:\/\/niort-tt.fr\/wp-content\/uploads\/2023\/10\/Tibhar-Trend-chemisette-1024x1024.jpg 1024w, https:\/\/niort-tt.fr\/wp-content\/uploads\/2023\/10\/Tibhar-Trend-chemisette-300x300.jpg 300w, https:\/\/niort-tt.fr\/wp-content\/uploads\/2023\/10\/Tibhar-Trend-chemisette-150x150.jpg 150w, https:\/\/niort-tt.fr\/wp-content\/uploads\/2023\/10\/Tibhar-Trend-chemisette-768x768.jpg 768w, https:\/\/niort-tt.fr\/wp-content\/uploads\/2023\/10\/Tibhar-Trend-chemisette.jpg 1200w\" sizes=\"(max-width: 455px) 100vw, 455px\" \/><\/span><\/p>\n<p><span style=\"font-size: 14pt;\"><strong><span style=\"font-family: helvetica, arial, sans-serif;\">CHEMISETTE TIBHAR TREND &#8211; Rouge <\/span><\/strong><\/span><\/p>\n<p><span style=\"font-size: 14pt;\"><strong><span style=\"font-family: helvetica, arial, sans-serif;\">Prix: <span style=\"color: #ff0000; font-size: 18pt;\">40.00 \u20ac<\/span><\/span><\/strong><\/span><\/p>\n<p><span style=\"font-family: helvetica, arial, sans-serif;\">Le maillot officiel de comp\u00e9tition du club est vendu floqu\u00e9 avec le logo du club.\u00a0<\/span><\/p>\n<p><span style=\"font-family: helvetica, arial, sans-serif;\">Mati\u00e8re polyester ultra-l\u00e9g\u00e8re, confort optimal. Liser\u00e9s blancs sur le col et les manches. Col Mao avec boutonni\u00e8re. Bouts de manches \u00e9lastiques. Design TIBHAR \u00e9pur\u00e9. Coupe cintr\u00e9e, grand confort. <\/span><\/p>\n<p><span style=\"font-family: helvetica, arial, sans-serif;\">Tailles disponibles: du XXS au 3XL.<\/span><\/p>\n<p><span style=\"font-family: helvetica, arial, sans-serif;\">Le\u00a0maillot\u00a0du club est <strong>obligatoire<\/strong> pour le championnat par \u00e9quipes et c\u2019est mieux de l\u2019avoir lors des comp\u00e9titions individuelles \u00e9galement pour montrer les couleurs du club.<\/span><\/p>\n<p>&nbsp;<\/p>\n<p><span style=\"font-size: 18pt; color: #ff0000; font-family: helvetica, arial, sans-serif;\"><strong>\u00a0 \u00a0 \u00a0 \u00a0 \u00a0 \u00a0<\/strong><\/span><\/p>\n<p><span style=\"font-size: 18pt; color: #ff0000; font-family: helvetica, arial, sans-serif;\"><strong> \u00a0 \u00a0 \u00a0 \u00a0 <\/strong><\/span><\/p>\n","protected":false},"excerpt":{"rendered":"<p>\ud83d\udecd\ufe0f Paiement des commandes pass\u00e9es aupr\u00e8s des entra\u00eeneurs Pour faciliter la gestion et le suivi de vos achats (maillots du club, surv\u00eatements, raquettes, rev\u00eatements, petits accessoires), le paiement s\u2019effectue d\u00e9sormais exclusivement en ligne via Yapla. \u27a1\ufe0f R\u00e9gler votre commande par carte bancaire en suivant ce lien : \u27a1 paiement commande Merci d\u2019utiliser ce mode de [&hellip;]<\/p>\n","protected":false},"author":1,"featured_media":0,"parent":0,"menu_order":0,"comment_status":"closed","ping_status":"closed","template":"","meta":{"_uag_custom_page_level_css":"","site-sidebar-layout":"default","site-content-layout":"","ast-site-content-layout":"default","site-content-style":"default","site-sidebar-style":"default","ast-global-header-display":"","ast-banner-title-visibility":"","ast-main-header-display":"","ast-hfb-above-header-display":"","ast-hfb-below-header-display":"","ast-hfb-mobile-header-display":"","site-post-title":"","ast-breadcrumbs-content":"","ast-featured-img":"","footer-sml-layout":"","ast-disable-related-posts":"","theme-transparent-header-meta":"default","adv-header-id-meta":"","stick-header-meta":"","header-above-stick-meta":"","header-main-stick-meta":"","header-below-stick-meta":"","astra-migrate-meta-layouts":"set","ast-page-background-enabled":"default","ast-page-background-meta":{"desktop":{"background-color":"var(--ast-global-color-5)","background-image":"","background-repeat":"repeat","background-position":"center center","background-size":"auto","background-attachment":"scroll","background-type":"","background-media":"","overlay-type":"","overlay-color":"","overlay-opacity":"","overlay-gradient":""},"tablet":{"background-color":"","background-image":"","background-repeat":"repeat","background-position":"center center","background-size":"auto","background-attachment":"scroll","background-type":"","background-media":"","overlay-type":"","overlay-color":"","overlay-opacity":"","overlay-gradient":""},"mobile":{"background-color":"","background-image":"","background-repeat":"repeat","background-position":"center center","background-size":"auto","background-attachment":"scroll","background-type":"","background-media":"","overlay-type":"","overlay-color":"","overlay-opacity":"","overlay-gradient":""}},"ast-content-background-meta":{"desktop":{"background-color":"var(--ast-global-color-4)","background-image":"","background-repeat":"repeat","background-position":"center center","background-size":"auto","background-attachment":"scroll","background-type":"","background-media":"","overlay-type":"","overlay-color":"","overlay-opacity":"","overlay-gradient":""},"tablet":{"background-color":"var(--ast-global-color-4)","background-image":"","background-repeat":"repeat","background-position":"center center","background-size":"auto","background-attachment":"scroll","background-type":"","background-media":"","overlay-type":"","overlay-color":"","overlay-opacity":"","overlay-gradient":""},"mobile":{"background-color":"var(--ast-global-color-4)","background-image":"","background-repeat":"repeat","background-position":"center center","background-size":"auto","background-attachment":"scroll","background-type":"","background-media":"","overlay-type":"","overlay-color":"","overlay-opacity":"","overlay-gradient":""}},"_themeisle_gutenberg_block_has_review":false,"footnotes":""},"class_list":["post-371","page","type-page","status-publish","hentry"],"uagb_featured_image_src":{"full":false,"thumbnail":false,"medium":false,"medium_large":false,"large":false,"1536x1536":false,"2048x2048":false},"uagb_author_info":{"display_name":"anthony.couraud","author_link":"https:\/\/niort-tt.fr\/index.php\/author\/anthony-couraud\/"},"uagb_comment_info":0,"uagb_excerpt":"\ud83d\udecd\ufe0f Paiement des commandes pass\u00e9es aupr\u00e8s des entra\u00eeneurs Pour faciliter la gestion et le suivi de vos achats (maillots du club, surv\u00eatements, raquettes, rev\u00eatements, petits accessoires), le paiement s\u2019effectue d\u00e9sormais exclusivement en ligne via Yapla. \u27a1\ufe0f R\u00e9gler votre commande par carte bancaire en suivant ce lien : \u27a1 paiement commande Merci d\u2019utiliser ce mode de\u2026","_links":{"self":[{"href":"https:\/\/niort-tt.fr\/index.php\/wp-json\/wp\/v2\/pages\/371","targetHints":{"allow":["GET"]}}],"collection":[{"href":"https:\/\/niort-tt.fr\/index.php\/wp-json\/wp\/v2\/pages"}],"about":[{"href":"https:\/\/niort-tt.fr\/index.php\/wp-json\/wp\/v2\/types\/page"}],"author":[{"embeddable":true,"href":"https:\/\/niort-tt.fr\/index.php\/wp-json\/wp\/v2\/users\/1"}],"replies":[{"embeddable":true,"href":"https:\/\/niort-tt.fr\/index.php\/wp-json\/wp\/v2\/comments?post=371"}],"version-history":[{"count":42,"href":"https:\/\/niort-tt.fr\/index.php\/wp-json\/wp\/v2\/pages\/371\/revisions"}],"predecessor-version":[{"id":3163,"href":"https:\/\/niort-tt.fr\/index.php\/wp-json\/wp\/v2\/pages\/371\/revisions\/3163"}],"wp:attachment":[{"href":"https:\/\/niort-tt.fr\/index.php\/wp-json\/wp\/v2\/media?parent=371"}],"curies":[{"name":"wp","href":"https:\/\/api.w.org\/{rel}","templated":true}]}}