{"id":28,"date":"2020-03-25T12:30:17","date_gmt":"2020-03-25T11:30:17","guid":{"rendered":"http:\/\/niort-tt.fr\/?page_id=28"},"modified":"2023-03-23T09:53:59","modified_gmt":"2023-03-23T08:53:59","slug":"accueil","status":"publish","type":"page","link":"https:\/\/niort-tt.fr\/index.php\/accueil\/","title":{"rendered":"Accueil"},"content":{"rendered":"\r\n<h2 class=\"wp-block-heading\">\u00a0<\/h2>\r\n\r\n\r\n\r\n\r\n\r\n<blockquote class=\"wp-block-quote is-layout-flow wp-block-quote-is-layout-flow\">\r\n<p><strong>Un espace d\u00e9di\u00e9<\/strong>\u00a0unique\u00a0<strong>\u00e0 Niort<\/strong>,\u00a0<strong>30 tables<\/strong>\u00a0\u00e0 disposition, utilis\u00e9es\u00a0<strong>6 jours\/7.<\/strong><br \/>Un encadrement de\u00a0<strong>2 Professionnels<\/strong>\u00a0pour tous et pr\u00e8s de\u00a0<strong>300 licenci\u00e9s<\/strong>\u00a0au sein du club.<br \/><strong>13 \u00e9quipes<\/strong>\u00a0engag\u00e9es aux championnats et la participation aux Crit\u00e9riums f\u00e9d\u00e9raux, Championnat v\u00e9t\u00e9rans, Coupes r\u00e9gionales et d\u00e9partementales).<\/p>\r\n<\/blockquote>\r\n\r\n\r\n","protected":false},"excerpt":{"rendered":"<p>\u00a0 Un espace d\u00e9di\u00e9\u00a0unique\u00a0\u00e0 Niort,\u00a030 tables\u00a0\u00e0 disposition, utilis\u00e9es\u00a06 jours\/7.Un encadrement de\u00a02 Professionnels\u00a0pour tous et pr\u00e8s de\u00a0300 licenci\u00e9s\u00a0au sein du club.13 \u00e9quipes\u00a0engag\u00e9es aux championnats et la participation aux Crit\u00e9riums f\u00e9d\u00e9raux, Championnat v\u00e9t\u00e9rans, Coupes r\u00e9gionales et d\u00e9partementales).<\/p>\n","protected":false},"author":1,"featured_media":0,"parent":0,"menu_order":0,"comment_status":"closed","ping_status":"closed","template":"","meta":{"_uag_custom_page_level_css":"","site-sidebar-layout":"default","site-content-layout":"","ast-site-content-layout":"default","site-content-style":"default","site-sidebar-style":"default","ast-global-header-display":"","ast-banner-title-visibility":"","ast-main-header-display":"","ast-hfb-above-header-display":"","ast-hfb-below-header-display":"","ast-hfb-mobile-header-display":"","site-post-title":"","ast-breadcrumbs-content":"","ast-featured-img":"","footer-sml-layout":"","ast-disable-related-posts":"","theme-transparent-header-meta":"","adv-header-id-meta":"","stick-header-meta":"","header-above-stick-meta":"","header-main-stick-meta":"","header-below-stick-meta":"","astra-migrate-meta-layouts":"default","ast-page-background-enabled":"default","ast-page-background-meta":{"desktop":{"background-color":"var(--ast-global-color-5)","background-image":"","background-repeat":"repeat","background-position":"center center","background-size":"auto","background-attachment":"scroll","background-type":"","background-media":"","overlay-type":"","overlay-color":"","overlay-opacity":"","overlay-gradient":""},"tablet":{"background-color":"","background-image":"","background-repeat":"repeat","background-position":"center center","background-size":"auto","background-attachment":"scroll","background-type":"","background-media":"","overlay-type":"","overlay-color":"","overlay-opacity":"","overlay-gradient":""},"mobile":{"background-color":"","background-image":"","background-repeat":"repeat","background-position":"center center","background-size":"auto","background-attachment":"scroll","background-type":"","background-media":"","overlay-type":"","overlay-color":"","overlay-opacity":"","overlay-gradient":""}},"ast-content-background-meta":{"desktop":{"background-color":"var(--ast-global-color-4)","background-image":"","background-repeat":"repeat","background-position":"center center","background-size":"auto","background-attachment":"scroll","background-type":"","background-media":"","overlay-type":"","overlay-color":"","overlay-opacity":"","overlay-gradient":""},"tablet":{"background-color":"var(--ast-global-color-4)","background-image":"","background-repeat":"repeat","background-position":"center center","background-size":"auto","background-attachment":"scroll","background-type":"","background-media":"","overlay-type":"","overlay-color":"","overlay-opacity":"","overlay-gradient":""},"mobile":{"background-color":"var(--ast-global-color-4)","background-image":"","background-repeat":"repeat","background-position":"center center","background-size":"auto","background-attachment":"scroll","background-type":"","background-media":"","overlay-type":"","overlay-color":"","overlay-opacity":"","overlay-gradient":""}},"_themeisle_gutenberg_block_has_review":false,"footnotes":""},"class_list":["post-28","page","type-page","status-publish","hentry"],"uagb_featured_image_src":{"full":false,"thumbnail":false,"medium":false,"medium_large":false,"large":false,"1536x1536":false,"2048x2048":false},"uagb_author_info":{"display_name":"anthony.couraud","author_link":"https:\/\/niort-tt.fr\/index.php\/author\/anthony-couraud\/"},"uagb_comment_info":0,"uagb_excerpt":"\u00a0 Un espace d\u00e9di\u00e9\u00a0unique\u00a0\u00e0 Niort,\u00a030 tables\u00a0\u00e0 disposition, utilis\u00e9es\u00a06 jours\/7.Un encadrement de\u00a02 Professionnels\u00a0pour tous et pr\u00e8s de\u00a0300 licenci\u00e9s\u00a0au sein du club.13 \u00e9quipes\u00a0engag\u00e9es aux championnats et la participation aux Crit\u00e9riums f\u00e9d\u00e9raux, Championnat v\u00e9t\u00e9rans, Coupes r\u00e9gionales et d\u00e9partementales).","_links":{"self":[{"href":"https:\/\/niort-tt.fr\/index.php\/wp-json\/wp\/v2\/pages\/28","targetHints":{"allow":["GET"]}}],"collection":[{"href":"https:\/\/niort-tt.fr\/index.php\/wp-json\/wp\/v2\/pages"}],"about":[{"href":"https:\/\/niort-tt.fr\/index.php\/wp-json\/wp\/v2\/types\/page"}],"author":[{"embeddable":true,"href":"https:\/\/niort-tt.fr\/index.php\/wp-json\/wp\/v2\/users\/1"}],"replies":[{"embeddable":true,"href":"https:\/\/niort-tt.fr\/index.php\/wp-json\/wp\/v2\/comments?post=28"}],"version-history":[{"count":9,"href":"https:\/\/niort-tt.fr\/index.php\/wp-json\/wp\/v2\/pages\/28\/revisions"}],"predecessor-version":[{"id":1650,"href":"https:\/\/niort-tt.fr\/index.php\/wp-json\/wp\/v2\/pages\/28\/revisions\/1650"}],"wp:attachment":[{"href":"https:\/\/niort-tt.fr\/index.php\/wp-json\/wp\/v2\/media?parent=28"}],"curies":[{"name":"wp","href":"https:\/\/api.w.org\/{rel}","templated":true}]}}