{"id":197,"date":"2020-04-26T14:34:43","date_gmt":"2020-04-26T12:34:43","guid":{"rendered":"http:\/\/niort-tt.fr\/?page_id=197"},"modified":"2026-03-31T08:32:58","modified_gmt":"2026-03-31T06:32:58","slug":"stages","status":"publish","type":"page","link":"https:\/\/niort-tt.fr\/index.php\/stages\/","title":{"rendered":"Stages"},"content":{"rendered":"\t\t<div data-elementor-type=\"wp-page\" data-elementor-id=\"197\" class=\"elementor elementor-197\">\n\t\t\t\t<div class=\"elementor-element elementor-element-e5b34fa e-grid e-con-boxed e-con e-parent\" data-id=\"e5b34fa\" data-element_type=\"container\" data-e-type=\"container\" data-settings=\"{&quot;shape_divider_top&quot;:&quot;mountains&quot;}\">\n\t\t\t\t\t<div class=\"e-con-inner\">\n\t\t\t\t<div class=\"elementor-shape elementor-shape-top\" aria-hidden=\"true\" data-negative=\"false\">\n\t\t\t<svg xmlns=\"http:\/\/www.w3.org\/2000\/svg\" viewBox=\"0 0 1000 100\" preserveAspectRatio=\"none\">\n\t<path class=\"elementor-shape-fill\" opacity=\"0.33\" d=\"M473,67.3c-203.9,88.3-263.1-34-320.3,0C66,119.1,0,59.7,0,59.7V0h1000v59.7 c0,0-62.1,26.1-94.9,29.3c-32.8,3.3-62.8-12.3-75.8-22.1C806,49.6,745.3,8.7,694.9,4.7S492.4,59,473,67.3z\"\/>\n\t<path class=\"elementor-shape-fill\" opacity=\"0.66\" d=\"M734,67.3c-45.5,0-77.2-23.2-129.1-39.1c-28.6-8.7-150.3-10.1-254,39.1 s-91.7-34.4-149.2,0C115.7,118.3,0,39.8,0,39.8V0h1000v36.5c0,0-28.2-18.5-92.1-18.5C810.2,18.1,775.7,67.3,734,67.3z\"\/>\n\t<path class=\"elementor-shape-fill\" d=\"M766.1,28.9c-200-57.5-266,65.5-395.1,19.5C242,1.8,242,5.4,184.8,20.6C128,35.8,132.3,44.9,89.9,52.5C28.6,63.7,0,0,0,0 h1000c0,0-9.9,40.9-83.6,48.1S829.6,47,766.1,28.9z\"\/>\n<\/svg>\t\t<\/div>\n\t\t\t\t<div class=\"elementor-element elementor-element-1fd64db elementor-widget elementor-widget-text-editor\" data-id=\"1fd64db\" data-element_type=\"widget\" data-e-type=\"widget\" data-widget_type=\"text-editor.default\">\n\t\t\t\t\t\t\t\t\t<h3 data-start=\"375\" data-end=\"399\"><span style=\"font-family: helvetica, arial, sans-serif; font-size: 14pt; color: #000000;\"><strong data-start=\"454\" data-end=\"479\">Vacances de Paques 2026<\/strong><\/span><\/h3><h3 data-start=\"375\" data-end=\"399\"><span style=\"font-family: helvetica, arial, sans-serif; font-size: 12pt; color: #000000;\">Formule Loisirs <\/span><span style=\"font-family: helvetica, arial, sans-serif; font-size: 12pt; color: #000000;\"><img decoding=\"async\" class=\"emoji\" role=\"img\" draggable=\"false\" src=\"https:\/\/s.w.org\/images\/core\/emoji\/17.0.2\/svg\/1f4c5.svg\" alt=\"\ud83d\udcc5\" \/>\u00a013 &#8211; 17<strong>\u00a0avril 2026<\/strong><\/span><br data-start=\"417\" data-end=\"420\" \/><span style=\"font-family: helvetica, arial, sans-serif; font-size: 12pt; color: #000000;\"><img decoding=\"async\" class=\"emoji\" role=\"img\" draggable=\"false\" src=\"https:\/\/s.w.org\/images\/core\/emoji\/17.0.2\/svg\/1f4b6.svg\" alt=\"\ud83d\udcb6\" \/>\u00a015\u20ac\/jour (licenci\u00e9s) \u2013 25\u20ac\/jour (ext\u00e9rieurs)<\/span><\/h3><h3 data-start=\"520\" data-end=\"549\"><span style=\"font-family: helvetica, arial, sans-serif; font-size: 12pt; color: #000000;\">Formule Comp\u00e9titeurs <\/span><span style=\"font-family: helvetica, arial, sans-serif; font-size: 12pt; color: #000000;\"><img decoding=\"async\" class=\"emoji\" role=\"img\" draggable=\"false\" src=\"https:\/\/s.w.org\/images\/core\/emoji\/17.0.2\/svg\/1f4c5.svg\" alt=\"\ud83d\udcc5\" \/>\u00a013 &#8211; 17<strong>\u00a0avril 2026\u00a0<\/strong><\/span><br data-start=\"580\" data-end=\"583\" \/><span style=\"font-family: helvetica, arial, sans-serif; font-size: 12pt; color: #000000;\"><img decoding=\"async\" class=\"emoji\" role=\"img\" draggable=\"false\" src=\"https:\/\/s.w.org\/images\/core\/emoji\/17.0.2\/svg\/1f4b6.svg\" alt=\"\ud83d\udcb6\" \/>\u00a015\u20ac\/jour (licenci\u00e9s) \u2013 25\u20ac\/jour (ext\u00e9rieurs)<\/span><\/h3>\t\t\t\t\t\t\t\t<\/div>\n\t\t\t\t<div class=\"elementor-element elementor-element-7196e37 elementor-widget elementor-widget-text-editor\" data-id=\"7196e37\" data-element_type=\"widget\" data-e-type=\"widget\" data-widget_type=\"text-editor.default\">\n\t\t\t\t\t\t\t\t\t<p>\u00a0<\/p><p><span style=\"color: #000000;\"><strong data-start=\"564\" data-end=\"591\"><span style=\"font-family: helvetica, arial, sans-serif;\">Inscription obligatoire<\/span> <\/strong><\/span><span style=\"color: #000000;\"><img decoding=\"async\" class=\"emoji\" role=\"img\" draggable=\"false\" src=\"https:\/\/s.w.org\/images\/core\/emoji\/17.0.2\/svg\/1f449.svg\" alt=\"\ud83d\udc49\" \/>\u00a0 <\/span><img decoding=\"async\" class=\"emoji\" role=\"img\" draggable=\"false\" src=\"https:\/\/s.w.org\/images\/core\/emoji\/17.0.2\/svg\/1f517.svg\" alt=\"\ud83d\udd17\" \/><span style=\"font-family: helvetica, arial, sans-serif;\"><span style=\"font-size: 14pt; color: #000000;\"><strong>\u00a0<a style=\"color: #000000;\" href=\"https:\/\/niort-tennis-de-table.s2.yapla.com\/fr\/event-109202\" target=\"_blank\" rel=\"noopener\">Inscription Loisirs<\/a>\u00a0<\/strong><\/span><\/span><\/p><p><strong><span style=\"font-family: helvetica, arial, sans-serif; color: #000000;\">\u00a0<\/span><\/strong><\/p><p><strong><span style=\"font-family: helvetica, arial, sans-serif; color: #000000;\">Inscription obligatoire<\/span><\/strong> <img decoding=\"async\" class=\"emoji\" role=\"img\" draggable=\"false\" src=\"https:\/\/s.w.org\/images\/core\/emoji\/17.0.2\/svg\/1f449.svg\" alt=\"\ud83d\udc49\" \/>\u00a0 <img decoding=\"async\" class=\"emoji\" role=\"img\" draggable=\"false\" src=\"https:\/\/s.w.org\/images\/core\/emoji\/17.0.2\/svg\/1f517.svg\" alt=\"\ud83d\udd17\" \/>\u00a0<span style=\"font-size: 14pt;\"><span style=\"color: #000000;\"><strong><a style=\"color: #000000;\" href=\"https:\/\/niort-tennis-de-table.s2.yapla.com\/fr\/event-109203\" target=\"_blank\" rel=\"noopener\"><span style=\"font-family: helvetica, arial, sans-serif;\">Inscriptions Comp\u00e9titeurs<\/span><\/a><\/strong><\/span><strong><span style=\"font-family: helvetica, arial, sans-serif;\">\u00a0<\/span><\/strong><\/span><\/p>\t\t\t\t\t\t\t\t<\/div>\n\t\t\t\t\t<\/div>\n\t\t\t\t<\/div>\n\t\t<div class=\"elementor-element elementor-element-35aec08d e-flex e-con-boxed e-con e-parent\" data-id=\"35aec08d\" data-element_type=\"container\" data-e-type=\"container\">\n\t\t\t\t\t<div class=\"e-con-inner\">\n\t\t\t\t<div class=\"elementor-element elementor-element-9c1bd5f elementor-widget elementor-widget-text-editor\" data-id=\"9c1bd5f\" data-element_type=\"widget\" data-e-type=\"widget\" data-widget_type=\"text-editor.default\">\n\t\t\t\t\t\t\t\t\t<p>\u00a0<\/p><ul><li data-start=\"104\" data-end=\"146\"><h3 data-start=\"208\" data-end=\"268\"><img decoding=\"async\" class=\"emoji\" role=\"img\" draggable=\"false\" src=\"https:\/\/s.w.org\/images\/core\/emoji\/17.0.2\/svg\/1f3d3.svg\" alt=\"\ud83c\udfd3\" \/> Prochains s<span style=\"font-family: helvetica, arial, sans-serif; font-size: 18pt;\"><strong data-start=\"215\" data-end=\"268\">tages &#8211; Saison 2026 \/ 2027<\/strong><\/span><\/h3><ul><li data-start=\"659\" data-end=\"700\"><span style=\"font-family: helvetica, arial, sans-serif; color: #000000;\">Vacances d&rsquo;\u00e9t\u00e9 \u21d2\u00a0 d<\/span><span style=\"font-family: helvetica, arial, sans-serif; color: #000000;\">u lundi 17 au vendredi 21 aout 2026<\/span><\/li><li data-start=\"659\" data-end=\"700\"><span style=\"color: #000000; font-family: helvetica, arial, sans-serif; font-style: inherit; font-weight: inherit;\">Vacances d&rsquo;\u00e9t\u00e9 \u21d2\u00a0 du lundi 24 au vendredi 28 aout 2026<\/span><\/li><\/ul><\/li><\/ul><div><span style=\"color: #000000; font-family: helvetica, arial, sans-serif;\">\u00a0<\/span><\/div><div><span style=\"color: #000000; font-family: helvetica, arial, sans-serif;\">\u00a0<\/span><\/div><h2 style=\"text-align: center;\" data-start=\"104\" data-end=\"146\"><span style=\"font-size: 18pt;\"><strong><span style=\"font-family: helvetica, arial, sans-serif;\"><img decoding=\"async\" class=\"emoji\" role=\"img\" draggable=\"false\" src=\"https:\/\/s.w.org\/images\/core\/emoji\/17.0.2\/svg\/1f4e9.svg\" alt=\"\ud83d\udce9\" \/> Pour toute information compl\u00e9mentaire, contactez : <a class=\"decorated-link cursor-pointer\" rel=\"noopener\" data-start=\"802\" data-end=\"820\">tt.niort@gmail.com<\/a><\/span><\/strong><\/span><\/h2><h2 data-start=\"104\" data-end=\"146\">\u00a0<\/h2><p data-start=\"148\" data-end=\"353\"><span style=\"font-family: helvetica, arial, sans-serif; font-size: 12pt; color: #000000;\">\u00c0 chaque vacance scolaire, Niort Tennis de Table propose des stages ouverts aux adh\u00e9rents, joueurs ext\u00e9rieurs et non licenci\u00e9s, <strong>\u00e0 partir de<\/strong> <strong data-start=\"296\" data-end=\"305\">8 ans<\/strong>, quel que soit le niveau (d\u00e9butant \u00e0 national).<\/span><\/p><p data-start=\"355\" data-end=\"417\"><span style=\"font-family: helvetica, arial, sans-serif; font-size: 12pt; color: #000000;\"><img decoding=\"async\" class=\"emoji\" role=\"img\" draggable=\"false\" src=\"https:\/\/s.w.org\/images\/core\/emoji\/17.0.2\/svg\/26a0.svg\" alt=\"\u26a0\ufe0f\" \/> Stages payants, <strong data-start=\"374\" data-end=\"416\">non inclus dans la cotisation annuelle<\/strong>.<\/span><\/p><h3 data-start=\"419\" data-end=\"438\"><span style=\"font-family: helvetica, arial, sans-serif; font-size: 12pt; color: #000000;\">Infos pratiques<\/span><\/h3><ul data-start=\"439\" data-end=\"694\"><li data-start=\"439\" data-end=\"481\"><p data-start=\"441\" data-end=\"481\"><span style=\"font-family: helvetica, arial, sans-serif; font-size: 12pt; color: #000000;\">Jusqu\u2019\u00e0 5h30 d\u2019entra\u00eenement par jour<\/span><\/p><\/li><li data-start=\"482\" data-end=\"545\"><p data-start=\"484\" data-end=\"545\"><span style=\"font-family: helvetica, arial, sans-serif; font-size: 12pt; color: #000000;\">Inscription \u00e0 la journ\u00e9e uniquement (pas de demi-journ\u00e9e)<\/span><\/p><\/li><li data-start=\"546\" data-end=\"602\"><p data-start=\"548\" data-end=\"602\"><span style=\"font-family: helvetica, arial, sans-serif; font-size: 12pt; color: #000000;\">Tenue sportive et chaussures de salle obligatoires<\/span><\/p><\/li><li data-start=\"603\" data-end=\"694\"><p data-start=\"605\" data-end=\"694\"><span style=\"font-family: helvetica, arial, sans-serif; font-size: 12pt; color: #000000;\">Pensez \u00e0 une gourde, une serviette et un pique-nique (frigo et micro-ondes sur place)<\/span><\/p><\/li><\/ul><h3 data-start=\"696\" data-end=\"708\"><span style=\"font-family: helvetica, arial, sans-serif; font-size: 12pt; color: #000000;\">Horaires: <\/span><span style=\"font-family: helvetica, arial, sans-serif; font-size: 12pt; color: #000000;\"><strong data-start=\"709\" data-end=\"726\">10h00 \u2013 17h00<\/strong><\/span><\/h3><ul data-start=\"727\" data-end=\"862\"><li data-start=\"727\" data-end=\"754\"><p data-start=\"729\" data-end=\"754\"><span style=\"font-family: helvetica, arial, sans-serif; font-size: 12pt; color: #000000;\">Accueil : 9h00 \u2013 10h00<\/span><\/p><\/li><li data-start=\"755\" data-end=\"794\"><p data-start=\"757\" data-end=\"794\"><span style=\"font-family: helvetica, arial, sans-serif; font-size: 12pt; color: #000000;\">Entra\u00eenements : matin et apr\u00e8s-midi<\/span><\/p><\/li><li data-start=\"795\" data-end=\"829\"><p data-start=\"797\" data-end=\"829\"><span style=\"font-family: helvetica, arial, sans-serif; font-size: 12pt; color: #000000;\">Pause d\u00e9jeuner : 12h45 \u2013 13h45<\/span><\/p><\/li><\/ul><h3 data-start=\"864\" data-end=\"874\"><span style=\"font-family: helvetica, arial, sans-serif; font-size: 12pt; color: #000000;\">Tarifs<\/span><\/h3><p data-start=\"875\" data-end=\"897\"><span style=\"font-family: helvetica, arial, sans-serif; font-size: 12pt; color: #000000;\"><strong data-start=\"875\" data-end=\"897\">Adh\u00e9rents Niort TT<\/strong><\/span><\/p><ul data-start=\"898\" data-end=\"932\"><li data-start=\"898\" data-end=\"913\"><p data-start=\"900\" data-end=\"913\"><span style=\"font-family: helvetica, arial, sans-serif; font-size: 12pt; color: #000000;\">15 \u20ac \/ jour<\/span><\/p><\/li><li data-start=\"914\" data-end=\"932\"><p data-start=\"916\" data-end=\"932\"><span style=\"font-family: helvetica, arial, sans-serif; font-size: 12pt; color: #000000;\">60 \u20ac \/ semaine<\/span><\/p><\/li><\/ul><p data-start=\"934\" data-end=\"951\"><span style=\"font-family: helvetica, arial, sans-serif; font-size: 12pt; color: #000000;\"><strong data-start=\"934\" data-end=\"951\">Non adh\u00e9rents<\/strong><\/span><\/p><ul data-start=\"952\" data-end=\"967\"><li data-start=\"952\" data-end=\"967\"><p data-start=\"954\" data-end=\"967\"><span style=\"font-family: helvetica, arial, sans-serif; font-size: 12pt; color: #000000;\">25 \u20ac \/ jour<\/span><\/p><\/li><\/ul><h3 data-start=\"969\" data-end=\"996\"><span style=\"font-family: helvetica, arial, sans-serif; font-size: 12pt; color: #000000;\">Inscriptions &amp; paiement<\/span><\/h3><ul data-start=\"997\" data-end=\"1145\"><li data-start=\"997\" data-end=\"1048\"><p data-start=\"999\" data-end=\"1048\"><span style=\"font-family: helvetica, arial, sans-serif; font-size: 12pt; color: #000000;\">Inscription <strong data-start=\"1011\" data-end=\"1034\">uniquement en ligne<\/strong> sur le site<\/span><\/p><\/li><li data-start=\"1049\" data-end=\"1082\"><p data-start=\"1051\" data-end=\"1082\"><span style=\"font-family: helvetica, arial, sans-serif; font-size: 12pt; color: #000000;\">Paiement par CB s\u00e9curis\u00e9e<\/span><\/p><\/li><li data-start=\"1083\" data-end=\"1145\"><p data-start=\"1085\" data-end=\"1145\"><span style=\"font-family: helvetica, arial, sans-serif; font-size: 12pt; color: #000000;\">Inscriptions ouvertes 3 semaines avant le d\u00e9but du stage<\/span><\/p><\/li><\/ul><h3 data-start=\"1147\" data-end=\"1162\"><span style=\"font-family: helvetica, arial, sans-serif; font-size: 12pt; color: #000000;\">Encadrement<\/span><\/h3><p data-start=\"1163\" data-end=\"1270\"><span style=\"font-family: helvetica, arial, sans-serif; font-size: 12pt; color: #000000;\">Stages encadr\u00e9s par Alin et Arthur, avec un programme technique et physique adapt\u00e9 \u00e0 chaque niveau.<\/span><\/p><p data-start=\"659\" data-end=\"700\">\u00a0<\/p>\t\t\t\t\t\t\t\t<\/div>\n\t\t\t\t\t<\/div>\n\t\t\t\t<\/div>\n\t\t\t\t<\/div>\n\t\t","protected":false},"excerpt":{"rendered":"<p>Vacances de Paques 2026 Formule Loisirs \u00a013 &#8211; 17\u00a0avril 2026\u00a015\u20ac\/jour (licenci\u00e9s) \u2013 25\u20ac\/jour (ext\u00e9rieurs) Formule Comp\u00e9titeurs \u00a013 &#8211; 17\u00a0avril 2026\u00a0\u00a015\u20ac\/jour (licenci\u00e9s) \u2013 25\u20ac\/jour (ext\u00e9rieurs) \u00a0 Inscription obligatoire \u00a0 \u00a0Inscription Loisirs\u00a0 \u00a0 Inscription obligatoire \u00a0 \u00a0Inscriptions Comp\u00e9titeurs\u00a0 \u00a0 Prochains stages &#8211; Saison 2026 \/ 2027 Vacances d&rsquo;\u00e9t\u00e9 \u21d2\u00a0 du lundi 17 au vendredi 21 aout 2026 [&hellip;]<\/p>\n","protected":false},"author":1,"featured_media":0,"parent":0,"menu_order":0,"comment_status":"closed","ping_status":"closed","template":"","meta":{"_uag_custom_page_level_css":"","site-sidebar-layout":"default","site-content-layout":"","ast-site-content-layout":"default","site-content-style":"default","site-sidebar-style":"default","ast-global-header-display":"","ast-banner-title-visibility":"","ast-main-header-display":"","ast-hfb-above-header-display":"","ast-hfb-below-header-display":"","ast-hfb-mobile-header-display":"","site-post-title":"","ast-breadcrumbs-content":"","ast-featured-img":"","footer-sml-layout":"","ast-disable-related-posts":"","theme-transparent-header-meta":"default","adv-header-id-meta":"","stick-header-meta":"","header-above-stick-meta":"","header-main-stick-meta":"","header-below-stick-meta":"","astra-migrate-meta-layouts":"set","ast-page-background-enabled":"default","ast-page-background-meta":{"desktop":{"background-color":"var(--ast-global-color-5)","background-image":"","background-repeat":"repeat","background-position":"center center","background-size":"auto","background-attachment":"scroll","background-type":"","background-media":"","overlay-type":"","overlay-color":"","overlay-opacity":"","overlay-gradient":""},"tablet":{"background-color":"","background-image":"","background-repeat":"repeat","background-position":"center center","background-size":"auto","background-attachment":"scroll","background-type":"","background-media":"","overlay-type":"","overlay-color":"","overlay-opacity":"","overlay-gradient":""},"mobile":{"background-color":"","background-image":"","background-repeat":"repeat","background-position":"center center","background-size":"auto","background-attachment":"scroll","background-type":"","background-media":"","overlay-type":"","overlay-color":"","overlay-opacity":"","overlay-gradient":""}},"ast-content-background-meta":{"desktop":{"background-color":"var(--ast-global-color-4)","background-image":"","background-repeat":"repeat","background-position":"center center","background-size":"auto","background-attachment":"scroll","background-type":"","background-media":"","overlay-type":"","overlay-color":"","overlay-opacity":"","overlay-gradient":""},"tablet":{"background-color":"var(--ast-global-color-4)","background-image":"","background-repeat":"repeat","background-position":"center center","background-size":"auto","background-attachment":"scroll","background-type":"","background-media":"","overlay-type":"","overlay-color":"","overlay-opacity":"","overlay-gradient":""},"mobile":{"background-color":"var(--ast-global-color-4)","background-image":"","background-repeat":"repeat","background-position":"center center","background-size":"auto","background-attachment":"scroll","background-type":"","background-media":"","overlay-type":"","overlay-color":"","overlay-opacity":"","overlay-gradient":""}},"_themeisle_gutenberg_block_has_review":false,"footnotes":""},"class_list":["post-197","page","type-page","status-publish","hentry"],"uagb_featured_image_src":{"full":false,"thumbnail":false,"medium":false,"medium_large":false,"large":false,"1536x1536":false,"2048x2048":false},"uagb_author_info":{"display_name":"anthony.couraud","author_link":"https:\/\/niort-tt.fr\/index.php\/author\/anthony-couraud\/"},"uagb_comment_info":0,"uagb_excerpt":"Vacances de Paques 2026 Formule Loisirs \u00a013 &#8211; 17\u00a0avril 2026\u00a015\u20ac\/jour (licenci\u00e9s) \u2013 25\u20ac\/jour (ext\u00e9rieurs) Formule Comp\u00e9titeurs \u00a013 &#8211; 17\u00a0avril 2026\u00a0\u00a015\u20ac\/jour (licenci\u00e9s) \u2013 25\u20ac\/jour (ext\u00e9rieurs) \u00a0 Inscription obligatoire \u00a0 \u00a0Inscription Loisirs\u00a0 \u00a0 Inscription obligatoire \u00a0 \u00a0Inscriptions Comp\u00e9titeurs\u00a0 \u00a0 Prochains stages &#8211; Saison 2026 \/ 2027 Vacances d&rsquo;\u00e9t\u00e9 \u21d2\u00a0 du lundi 17 au vendredi 21 aout 2026\u2026","_links":{"self":[{"href":"https:\/\/niort-tt.fr\/index.php\/wp-json\/wp\/v2\/pages\/197","targetHints":{"allow":["GET"]}}],"collection":[{"href":"https:\/\/niort-tt.fr\/index.php\/wp-json\/wp\/v2\/pages"}],"about":[{"href":"https:\/\/niort-tt.fr\/index.php\/wp-json\/wp\/v2\/types\/page"}],"author":[{"embeddable":true,"href":"https:\/\/niort-tt.fr\/index.php\/wp-json\/wp\/v2\/users\/1"}],"replies":[{"embeddable":true,"href":"https:\/\/niort-tt.fr\/index.php\/wp-json\/wp\/v2\/comments?post=197"}],"version-history":[{"count":292,"href":"https:\/\/niort-tt.fr\/index.php\/wp-json\/wp\/v2\/pages\/197\/revisions"}],"predecessor-version":[{"id":3845,"href":"https:\/\/niort-tt.fr\/index.php\/wp-json\/wp\/v2\/pages\/197\/revisions\/3845"}],"wp:attachment":[{"href":"https:\/\/niort-tt.fr\/index.php\/wp-json\/wp\/v2\/media?parent=197"}],"curies":[{"name":"wp","href":"https:\/\/api.w.org\/{rel}","templated":true}]}}